{"id":64,"date":"2022-11-30T16:44:28","date_gmt":"2022-11-30T15:44:28","guid":{"rendered":"https:\/\/consgedda.esteri.it\/?page_id=64"},"modified":"2025-06-15T17:06:32","modified_gmt":"2025-06-15T14:06:32","slug":"contatti","status":"publish","type":"page","link":"https:\/\/consgedda.esteri.it\/it\/chi-siamo\/contatti\/","title":{"rendered":"Contatti"},"content":{"rendered":"<p>Gli Uffici del Consolato Generale sono aperti\u00a0 dalla domenica al gioved\u00ec&#8217;.<\/p>\n<p>Il centralino telefonico \u00e8 attivo dalla domenica al gioved\u00ec dalle 9 alle 12:30 (012 6445922 int. 101).<\/p>\n<p>In caso di emergenza, il venerd\u00ec, sabato e durante i giorni festivi \u2013 dalle 9:00 alle 20:00 \u2013 \u00e8 attivo il seguente numero di emergenza: +966 50 667 8310. <strong><span style=\"text-decoration: underline;\">Non verranno fornite risposte ad eventuali domande relative alle pratiche d\u2019ufficio.<\/span><\/strong><\/p>\n<p><strong>Segreteria Console Generale<br \/>\n<\/strong>Tel. 00966 12 6421451\/52 ext. 120<br \/>\nFax 00966 12 644 7016<br \/>\nE-mail:\u00a0<a href=\"mailto:segreteria.gedda@esteri.it\">segreteria.gedda@esteri.it<\/a><br \/>\n<strong><br \/>\n<\/strong><strong>Ufficio Consolare<\/strong><\/p>\n<p><strong>Si informa che il servizio telefonico per l&#8217;Ufficio Consolare e&#8217; temporaneamente sospeso. Si invita pertanto a trasmettere le richieste direttamente via e-mail al seguente indirizzo <span style=\"text-decoration: underline;\">anagrafe.gedda@esteri.it<\/span><\/strong><\/p>\n<p>Tel. 00966 12 6421451\/52 ext. 106<br \/>\nE-mail:\u00a0<a href=\"mailto:anagrafe.gedda@esteri.it\">anagrafe.gedda@esteri.it<\/a><\/p>\n<p><strong>Ufficio Visti<\/strong><br \/>\nTel. 00966 12 6421451\/52 ext. 123-105<br \/>\nE-mail:\u00a0<a href=\"mailto:visti.gedda@esteri.it\">visti.gedda@esteri.it<\/a><\/p>\n<p><strong>Ufficio Culturale &#8211; Traduttore &#8211; Studenti<\/strong><br \/>\nTel.: 00966 12 6421451\/52 ext. 107<br \/>\nE-mail:\u00a0<a href=\"mailto:traduttore.gedda@esteri.it\">traduttore.gedda@esteri.it<\/a><\/p>\n<p>&nbsp;<\/p>\n","protected":false},"excerpt":{"rendered":"Gli Uffici del Consolato Generale sono aperti\u00a0 dalla domenica al gioved\u00ec&#8217;. Il centralino telefonico \u00e8 attivo dalla domenica al gioved\u00ec dalle 9 alle 12:30 (012 6445922 int. 101). In caso di emergenza, il venerd\u00ec, sabato e durante i giorni festivi \u2013 dalle 9:00 alle 20:00 \u2013 \u00e8 attivo il seguente numero di emergenza: +966 50 [&hellip;]","protected":false},"author":3,"featured_media":0,"parent":10,"menu_order":0,"comment_status":"closed","ping_status":"closed","template":"","meta":{"footnotes":""},"class_list":["post-64","page","type-page","status-publish","hentry"],"_links":{"self":[{"href":"https:\/\/consgedda.esteri.it\/it\/wp-json\/wp\/v2\/pages\/64","targetHints":{"allow":["GET"]}}],"collection":[{"href":"https:\/\/consgedda.esteri.it\/it\/wp-json\/wp\/v2\/pages"}],"about":[{"href":"https:\/\/consgedda.esteri.it\/it\/wp-json\/wp\/v2\/types\/page"}],"author":[{"embeddable":true,"href":"https:\/\/consgedda.esteri.it\/it\/wp-json\/wp\/v2\/users\/3"}],"replies":[{"embeddable":true,"href":"https:\/\/consgedda.esteri.it\/it\/wp-json\/wp\/v2\/comments?post=64"}],"version-history":[{"count":5,"href":"https:\/\/consgedda.esteri.it\/it\/wp-json\/wp\/v2\/pages\/64\/revisions"}],"predecessor-version":[{"id":1937,"href":"https:\/\/consgedda.esteri.it\/it\/wp-json\/wp\/v2\/pages\/64\/revisions\/1937"}],"up":[{"embeddable":true,"href":"https:\/\/consgedda.esteri.it\/it\/wp-json\/wp\/v2\/pages\/10"}],"wp:attachment":[{"href":"https:\/\/consgedda.esteri.it\/it\/wp-json\/wp\/v2\/media?parent=64"}],"curies":[{"name":"wp","href":"https:\/\/api.w.org\/{rel}","templated":true}]}}