{"id":176,"date":"2022-11-30T20:26:02","date_gmt":"2022-11-30T19:26:02","guid":{"rendered":"https:\/\/consgedda.esteri.it\/?page_id=176"},"modified":"2025-03-11T09:49:03","modified_gmt":"2025-03-11T06:49:03","slug":"traduzione-e-legalizzazione-dei-documenti","status":"publish","type":"page","link":"https:\/\/consgedda.esteri.it\/it\/servizi-consolari-e-visti\/servizi-per-il-cittadino-straniero\/traduzione-e-legalizzazione-dei-documenti\/","title":{"rendered":"Traduzione e legalizzazione dei documenti"},"content":{"rendered":"<header class=\"entry-header\">\n<h1 class=\"entry-title h3\"><span style=\"font-size: 16px;\">A partire dal 7 dicembre 2022, il Regno dell\u2019Arabia Saudita ha aderito alla Convenzione dell\u2019Aja del 5 ottobre 1961 sull\u2019abolizione della legalizzazione di atti pubblici stranieri. A seguito di ci\u00f2, non \u00e8 pi\u00f9 necessaria la legalizzazione da parte del Consolato Generale d&#8217;Italia a Gedda degli atti pubblici sauditi da far valere in Italia, che devono invece essere esclusivamente apostillati.<\/span><\/h1>\n<\/header>\n<div class=\"entry-content\">\n<p>Il Ministero degli Affari Esteri del Regno dell\u2019Arabia Saudita \u00e8 l\u2019ente deputato all\u2019emissione dell\u2019apostilla, cui si invita l\u2019utenza a far riferimento per maggiori informazioni sulla procedura da seguire.<\/p>\n<p>Il Consolato Generale d\u2019Italia a Gedda rimane a disposizione dell\u2019utenza per approfondimenti all\u2019indirizzo e-mail anagrafe.gedda@esteri.it<\/p>\n<\/div>\n","protected":false},"excerpt":{"rendered":"A partire dal 7 dicembre 2022, il Regno dell\u2019Arabia Saudita ha aderito alla Convenzione dell\u2019Aja del 5 ottobre 1961 sull\u2019abolizione della legalizzazione di atti pubblici stranieri. A seguito di ci\u00f2, non \u00e8 pi\u00f9 necessaria la legalizzazione da parte del Consolato Generale d&#8217;Italia a Gedda degli atti pubblici sauditi da far valere in Italia, che devono [&hellip;]","protected":false},"author":3,"featured_media":0,"parent":71,"menu_order":0,"comment_status":"closed","ping_status":"closed","template":"","meta":{"footnotes":""},"class_list":["post-176","page","type-page","status-publish","hentry"],"_links":{"self":[{"href":"https:\/\/consgedda.esteri.it\/it\/wp-json\/wp\/v2\/pages\/176","targetHints":{"allow":["GET"]}}],"collection":[{"href":"https:\/\/consgedda.esteri.it\/it\/wp-json\/wp\/v2\/pages"}],"about":[{"href":"https:\/\/consgedda.esteri.it\/it\/wp-json\/wp\/v2\/types\/page"}],"author":[{"embeddable":true,"href":"https:\/\/consgedda.esteri.it\/it\/wp-json\/wp\/v2\/users\/3"}],"replies":[{"embeddable":true,"href":"https:\/\/consgedda.esteri.it\/it\/wp-json\/wp\/v2\/comments?post=176"}],"version-history":[{"count":5,"href":"https:\/\/consgedda.esteri.it\/it\/wp-json\/wp\/v2\/pages\/176\/revisions"}],"predecessor-version":[{"id":1684,"href":"https:\/\/consgedda.esteri.it\/it\/wp-json\/wp\/v2\/pages\/176\/revisions\/1684"}],"up":[{"embeddable":true,"href":"https:\/\/consgedda.esteri.it\/it\/wp-json\/wp\/v2\/pages\/71"}],"wp:attachment":[{"href":"https:\/\/consgedda.esteri.it\/it\/wp-json\/wp\/v2\/media?parent=176"}],"curies":[{"name":"wp","href":"https:\/\/api.w.org\/{rel}","templated":true}]}}