{"id":169,"date":"2022-11-30T20:24:19","date_gmt":"2022-11-30T19:24:19","guid":{"rendered":"https:\/\/consgedda.esteri.it\/?page_id=169"},"modified":"2026-03-29T11:41:17","modified_gmt":"2026-03-29T08:41:17","slug":"autoveicoli-e-patenti-di-guida","status":"publish","type":"page","link":"https:\/\/consgedda.esteri.it\/it\/servizi-consolari-e-visti\/servizi-per-il-cittadino-italiano\/autoveicoli-e-patenti-di-guida\/","title":{"rendered":"Autoveicoli e Patenti di guida"},"content":{"rendered":"<p style=\"text-align: justify;\"><strong>PATENTI DI GUIDA<\/strong><\/p>\n<p style=\"text-align: justify;\">I titolari di patente italiana residenti all\u2019estero ed iscritti all\u2019AIRE nella circoscrizione consolare, possono ottenere presso questo Consolato Generale la conferma della validit\u00e0 della loro patente italiana, scaduta da non pi\u00f9 di 5 anni e non rientrante nei casi previsti all\u2019art. 119, commi 2-bis e 4 del Codice della Strada.<\/p>\n<p>Il rinnovo consiste in una visita per l&#8217;accertamento dei requisiti fisici e psichici di idoneit\u00e0 alla guida da parte di medici abilitati previsti dall&#8217;articolo 119 del Codice della strada.<\/p>\n<p>Gli interessati potranno effettuare la prevista visita medica presso un centro medico a propria scelta (i cui criteri siano i medesimi previsti dalle autorita&#8217; mediche italiane) o presso il centro medico di fiducia del Consolato New Jeddah Clinic Hospital. Per maggior informazioni si prega di contattare il seguente indirizzo email: <a href=\"mailto:sec.hm@njchospital.com\">sec.hm@njchospital.com<\/a><\/p>\n<p style=\"text-align: justify;\">A seguito della visita medica, gli interessati dovranno fissare appuntamento <a href=\"https:\/\/prenotami.esteri.it\/\">Prenot@mi<\/a> e presentarsi presso questo Consolato Generale con certificato medico, la patente scaduta (da non oltre cinque anni) e due fototessere recenti per ricevere apposita attestazione di rinnovo.<\/p>\n<p style=\"text-align: justify;\">Si rammenta che la patente da rinnovare deve essere integra e presentata in originale; la patente non deve essere stata revocata a seguito di conversione o sospesa a qualsiasi titolo; la patente deve essere in scadenza (a partire da 4 mesi prima della data di scadenza) oppure scaduta da non pi\u00f9 di cinque anni.<\/p>\n<p style=\"text-align: justify;\">Richieste di duplicati di patente rubata o smarrita nonch\u00e9 certificazioni sulla validit\u00e0 delle patenti di guida andranno richiesti in Italia presso qualsiasi Ufficio della Motorizzazione Civile.<\/p>\n<p><strong>Per maggiori informazioni in merito la documentazione da presentare il giorno dell&#8217;appuntamento si prega di contattare anagrafe.gedda@esteri.it<\/strong><\/p>\n<p style=\"text-align: justify;\"><strong>ATTENZIONE:<\/strong><\/p>\n<p style=\"text-align: justify;\">Gli Uffici all\u2019estero non sono abilitati all\u2019emissione dello sticker da apporre sul retro della patente di guida e non hanno accesso alla banca-dati della Motorizzazione.<\/p>\n<p style=\"text-align: justify;\">Il rinnovo effettuato presso una Rappresentanza diplomatica o consolare \u00e8 valido per circolare sia in Italia che all\u2019estero, \u00e8 quindi necessario avere sempre con s\u00e9 il foglio del rinnovo che diventa parte integrante della patente ai fini della sua validit\u00e0.<\/p>\n<p style=\"text-align: justify;\">Una volta riacquisita la residenza o la dimora in Italia, la patente di guida dovr\u00e0 essere confermata dal competente ufficio del Ministero delle infrastrutture e dei trasporti.<\/p>\n<p style=\"text-align: justify;\">I possessori di patente italiana non iscritti all\u2019Aire\/residenti in Italia che smarriscono la propria patente trovandosi in Arabia Saudita per un periodo di permanenza transitoria, dovranno presentare denuncia di smarrimento presso l\u2019Autorit\u00e0 di polizia locale e richiedere il duplicato al loro rientro in Italia.<\/p>\n<p>&nbsp;<\/p>\n<p><strong>MODULO\u00a0<\/strong><\/p>\n<p><a href=\"https:\/\/consgedda.esteri.it\/wp-content\/uploads\/2025\/06\/Modulodomandarinnovopatente.pdf\">Modulodomandarinnovopatente<\/a><\/p>\n<p>&nbsp;<\/p>\n","protected":false},"excerpt":{"rendered":"PATENTI DI GUIDA I titolari di patente italiana residenti all\u2019estero ed iscritti all\u2019AIRE nella circoscrizione consolare, possono ottenere presso questo Consolato Generale la conferma della validit\u00e0 della loro patente italiana, scaduta da non pi\u00f9 di 5 anni e non rientrante nei casi previsti all\u2019art. 119, commi 2-bis e 4 del Codice della Strada. Il rinnovo [&hellip;]","protected":false},"author":3,"featured_media":0,"parent":73,"menu_order":0,"comment_status":"closed","ping_status":"closed","template":"","meta":{"footnotes":""},"class_list":["post-169","page","type-page","status-publish","hentry"],"_links":{"self":[{"href":"https:\/\/consgedda.esteri.it\/it\/wp-json\/wp\/v2\/pages\/169","targetHints":{"allow":["GET"]}}],"collection":[{"href":"https:\/\/consgedda.esteri.it\/it\/wp-json\/wp\/v2\/pages"}],"about":[{"href":"https:\/\/consgedda.esteri.it\/it\/wp-json\/wp\/v2\/types\/page"}],"author":[{"embeddable":true,"href":"https:\/\/consgedda.esteri.it\/it\/wp-json\/wp\/v2\/users\/3"}],"replies":[{"embeddable":true,"href":"https:\/\/consgedda.esteri.it\/it\/wp-json\/wp\/v2\/comments?post=169"}],"version-history":[{"count":6,"href":"https:\/\/consgedda.esteri.it\/it\/wp-json\/wp\/v2\/pages\/169\/revisions"}],"predecessor-version":[{"id":2636,"href":"https:\/\/consgedda.esteri.it\/it\/wp-json\/wp\/v2\/pages\/169\/revisions\/2636"}],"up":[{"embeddable":true,"href":"https:\/\/consgedda.esteri.it\/it\/wp-json\/wp\/v2\/pages\/73"}],"wp:attachment":[{"href":"https:\/\/consgedda.esteri.it\/it\/wp-json\/wp\/v2\/media?parent=169"}],"curies":[{"name":"wp","href":"https:\/\/api.w.org\/{rel}","templated":true}]}}