{"id":1372,"date":"2024-12-01T17:03:50","date_gmt":"2024-12-01T14:03:50","guid":{"rendered":"https:\/\/consgedda.esteri.it\/?page_id=1372"},"modified":"2024-12-01T17:03:50","modified_gmt":"2024-12-01T14:03:50","slug":"fast-it-il-portale-dei-servizi-consolari","status":"publish","type":"page","link":"https:\/\/consgedda.esteri.it\/it\/servizi-consolari-e-visti\/servizi-per-il-cittadino-italiano\/anagrafe-degli-italiani-residenti-allestero-aire\/fast-it-il-portale-dei-servizi-consolari\/","title":{"rendered":"FAST-IT -Il portale dei Servizi Consolari"},"content":{"rendered":"<p>L\u2019iscrizione all\u2019AIRE deve essere richiesta tramite il portale <a href=\"https:\/\/serviziconsolari.esteri.it\/ScoFE\/index.sco\">Fast It<\/a>, disponibile anche in lingua inglese e francese, previa registrazione dell\u2019utente.<\/p>\n<p>&nbsp;<\/p>\n<p>A COSA SERVE IL PORTALE FAST-IT:<\/p>\n<ul>\n<li>ISCRIVERSI ALL\u2019AIRE (per la prima volta o in caso di trasferimento da altra Sede) \u2013 consulta la guida<\/li>\n<li>CONSULTARE LA PROPRIA SCHEDA ANAGRAFICA (ed eventualmente aggiornarla attraverso l\u2019associazione del profilo)<\/li>\n<li>COMUNICARE EVENTUALI CAMBI DI RESIDENZA (all&#8217;interno della stessa circoscrizione consolare).<\/li>\n<\/ul>\n<p>&nbsp;<\/p>\n<p>COSA FARE UNA VOLTA EFFETTUATA LA REGISTRAZIONE:<\/p>\n<p>Compilare il formulario di iscrizione\/cambio indirizzo\/trasferimento da altra Sede in tutte le sue parti e firmarlo;<\/p>\n<p>Scansionare il file, salvarlo in formato pdf e allegarlo sul portale insieme alla documentazione di seguito elencata:<\/p>\n<p>In caso di Iscrizione AIRE o richiesta di trasferimento da altra Sede:<\/p>\n<ul>\n<li>copia del passaporto o copia della carta d\u2019identit\u00e0 (fronte e retro) \u2013 NB: \u00e8 obbligatorio allegare copia del passaporto o della carta di identit\u00e0 anche se \u00e8 stata apposta la firma digitale sui formulari;<\/li>\n<li>copia del Permesso di Soggiorno (fronte e retro) e copia di un Documento da cui risulti l\u2019attuale indirizzo (certificato di residenza\/Iqama; Fattura Assistenza sanitaria; Utenza domestica, etc.)<\/li>\n<\/ul>\n<p>In caso di Cambio di indirizzo, allegare i seguenti documenti:<\/p>\n<ul>\n<li>copia del passaporto o copia della carta d\u2019identit\u00e0 (fronte e retro);<\/li>\n<li>dichiarazione sostitutiva debitamente compilata e firmata;<\/li>\n<li>copia del Permesso di Soggiorno (fronte e retro) e copia di un Documento da cui risulti l\u2019attuale indirizzo (certificato di residenza\/Iqama; Fattura Assistenza sanitaria; Utenza domestica, etc.)<\/li>\n<\/ul>\n<p>&nbsp;<\/p>\n<p>ATTENZIONE:<\/p>\n<ol>\n<li>Su Fast-IT, al momento della compilazione della sezione familiari:<\/li>\n<\/ol>\n<p>In caso di familiari dichiarati come residenti nella circoscrizione consolare di riferimento, la richiesta di iscrizione \u00e8 presentata dal cittadino italiano anche per gli altri componenti della famiglia che vivono allo stesso indirizzo (ad esempio: il coniuge, i figli);<\/p>\n<p>Qualora vi siano familiari non residenti nella circoscrizione consolare di riferimento, vanno comunque indicati con il loro corretto indirizzo (in Italia o all\u2019estero)<\/p>\n<ol start=\"2\">\n<li>Solo in casi eccezionali, dovutamente motivati, le pratiche potranno essere accettate via mail. Si prega di scrivere all\u2019indirizzo anagrafe.gedda@esteri.it (non saranno date risposte a richieste di informazioni presenti sul sito; eventuali allegati dovranno essere inviati solo in formato pdf).<\/li>\n<\/ol>\n","protected":false},"excerpt":{"rendered":"L\u2019iscrizione all\u2019AIRE deve essere richiesta tramite il portale Fast It, disponibile anche in lingua inglese e francese, previa registrazione dell\u2019utente. &nbsp; A COSA SERVE IL PORTALE FAST-IT: ISCRIVERSI ALL\u2019AIRE (per la prima volta o in caso di trasferimento da altra Sede) \u2013 consulta la guida CONSULTARE LA PROPRIA SCHEDA ANAGRAFICA (ed eventualmente aggiornarla attraverso l\u2019associazione [&hellip;]","protected":false},"author":11,"featured_media":0,"parent":165,"menu_order":0,"comment_status":"closed","ping_status":"closed","template":"","meta":{"footnotes":""},"class_list":["post-1372","page","type-page","status-publish","hentry"],"_links":{"self":[{"href":"https:\/\/consgedda.esteri.it\/it\/wp-json\/wp\/v2\/pages\/1372","targetHints":{"allow":["GET"]}}],"collection":[{"href":"https:\/\/consgedda.esteri.it\/it\/wp-json\/wp\/v2\/pages"}],"about":[{"href":"https:\/\/consgedda.esteri.it\/it\/wp-json\/wp\/v2\/types\/page"}],"author":[{"embeddable":true,"href":"https:\/\/consgedda.esteri.it\/it\/wp-json\/wp\/v2\/users\/11"}],"replies":[{"embeddable":true,"href":"https:\/\/consgedda.esteri.it\/it\/wp-json\/wp\/v2\/comments?post=1372"}],"version-history":[{"count":2,"href":"https:\/\/consgedda.esteri.it\/it\/wp-json\/wp\/v2\/pages\/1372\/revisions"}],"predecessor-version":[{"id":1374,"href":"https:\/\/consgedda.esteri.it\/it\/wp-json\/wp\/v2\/pages\/1372\/revisions\/1374"}],"up":[{"embeddable":true,"href":"https:\/\/consgedda.esteri.it\/it\/wp-json\/wp\/v2\/pages\/165"}],"wp:attachment":[{"href":"https:\/\/consgedda.esteri.it\/it\/wp-json\/wp\/v2\/media?parent=1372"}],"curies":[{"name":"wp","href":"https:\/\/api.w.org\/{rel}","templated":true}]}}